{"id":3879,"date":"2024-09-01T12:20:35","date_gmt":"2024-09-01T15:20:35","guid":{"rendered":"https:\/\/tetrasolucoes.com.br\/home\/?page_id=3879"},"modified":"2024-09-02T20:07:53","modified_gmt":"2024-09-02T23:07:53","slug":"diferenciaistetra","status":"publish","type":"page","link":"https:\/\/tetrasolucoes.com.br\/home\/diferenciaistetra\/","title":{"rendered":"Diferenciais Tetra"},"content":{"rendered":"\t\t<div data-elementor-type=\"wp-post\" data-elementor-id=\"3879\" class=\"elementor elementor-3879\">\n\t\t\t\t<div class=\"elementor-element elementor-element-4fa456a e-flex e-con-boxed wpr-particle-no wpr-jarallax-no wpr-parallax-no wpr-sticky-section-no e-con e-parent\" data-id=\"4fa456a\" data-element_type=\"container\" data-settings=\"{&quot;background_background&quot;:&quot;classic&quot;}\">\n\t\t\t\t\t<div class=\"e-con-inner\">\n\t\t<div class=\"elementor-element elementor-element-f6403fb e-con-full e-flex wpr-particle-no wpr-jarallax-no wpr-parallax-no wpr-sticky-section-no e-con e-child\" data-id=\"f6403fb\" data-element_type=\"container\">\n\t\t\t\t<div class=\"elementor-element elementor-element-2194af3 elementor-widget elementor-widget-heading\" data-id=\"2194af3\" data-element_type=\"widget\" data-widget_type=\"heading.default\">\n\t\t\t\t<div class=\"elementor-widget-container\">\n\t\t\t<style>\/*! elementor - v3.23.0 - 05-08-2024 *\/\n.elementor-heading-title{padding:0;margin:0;line-height:1}.elementor-widget-heading .elementor-heading-title[class*=elementor-size-]>a{color:inherit;font-size:inherit;line-height:inherit}.elementor-widget-heading .elementor-heading-title.elementor-size-small{font-size:15px}.elementor-widget-heading .elementor-heading-title.elementor-size-medium{font-size:19px}.elementor-widget-heading .elementor-heading-title.elementor-size-large{font-size:29px}.elementor-widget-heading .elementor-heading-title.elementor-size-xl{font-size:39px}.elementor-widget-heading .elementor-heading-title.elementor-size-xxl{font-size:59px}<\/style><h1 class=\"elementor-heading-title elementor-size-default\">O que nos faz <br>diferente<\/h1>\t\t<\/div>\n\t\t\t\t<\/div>\n\t\t\t\t<div class=\"elementor-element elementor-element-31f5a1c elementor-widget elementor-widget-text-editor\" data-id=\"31f5a1c\" data-element_type=\"widget\" data-widget_type=\"text-editor.default\">\n\t\t\t\t<div class=\"elementor-widget-container\">\n\t\t\t<style>\/*! elementor - v3.23.0 - 05-08-2024 *\/\n.elementor-widget-text-editor.elementor-drop-cap-view-stacked .elementor-drop-cap{background-color:#69727d;color:#fff}.elementor-widget-text-editor.elementor-drop-cap-view-framed .elementor-drop-cap{color:#69727d;border:3px solid;background-color:transparent}.elementor-widget-text-editor:not(.elementor-drop-cap-view-default) .elementor-drop-cap{margin-top:8px}.elementor-widget-text-editor:not(.elementor-drop-cap-view-default) .elementor-drop-cap-letter{width:1em;height:1em}.elementor-widget-text-editor .elementor-drop-cap{float:left;text-align:center;line-height:1;font-size:50px}.elementor-widget-text-editor .elementor-drop-cap-letter{display:inline-block}<\/style>\t\t\t\t<p>Acreditamos que cada cliente \u00e9 um parceiro estrat\u00e9gico e projetamos nossas solu\u00e7\u00f5es para o crescimento de todos.<\/p>\t\t\t\t\t\t<\/div>\n\t\t\t\t<\/div>\n\t\t\t\t<\/div>\n\t\t\t\t\t<\/div>\n\t\t\t\t<\/div>\n\t\t<div class=\"elementor-element elementor-element-70827ec e-flex e-con-boxed wpr-particle-no wpr-jarallax-no wpr-parallax-no wpr-sticky-section-no e-con e-parent\" data-id=\"70827ec\" data-element_type=\"container\">\n\t\t\t\t\t<div class=\"e-con-inner\">\n\t\t<div class=\"elementor-element elementor-element-2dc31cf e-con-full e-flex wpr-particle-no wpr-jarallax-no wpr-parallax-no wpr-sticky-section-no e-con e-child\" data-id=\"2dc31cf\" data-element_type=\"container\">\n\t\t\t\t<div class=\"elementor-element elementor-element-d5e333d elementor-widget elementor-widget-image\" data-id=\"d5e333d\" data-element_type=\"widget\" data-widget_type=\"image.default\">\n\t\t\t\t<div class=\"elementor-widget-container\">\n\t\t\t<style>\/*! elementor - v3.23.0 - 05-08-2024 *\/\n.elementor-widget-image{text-align:center}.elementor-widget-image a{display:inline-block}.elementor-widget-image a img[src$=\".svg\"]{width:48px}.elementor-widget-image img{vertical-align:middle;display:inline-block}<\/style>\t\t\t\t\t\t\t\t\t\t<img fetchpriority=\"high\" decoding=\"async\" width=\"500\" height=\"334\" src=\"https:\/\/tetrasolucoes.com.br\/home\/wp-content\/uploads\/2024\/09\/apoio_gestao.jpg\" class=\"attachment-large size-large wp-image-3892\" alt=\"\" srcset=\"https:\/\/tetrasolucoes.com.br\/home\/wp-content\/uploads\/2024\/09\/apoio_gestao.jpg 500w, https:\/\/tetrasolucoes.com.br\/home\/wp-content\/uploads\/2024\/09\/apoio_gestao-300x200.jpg 300w\" sizes=\"(max-width: 500px) 100vw, 500px\" \/>\t\t\t\t\t\t\t\t\t\t\t\t\t<\/div>\n\t\t\t\t<\/div>\n\t\t\t\t<\/div>\n\t\t<div class=\"elementor-element elementor-element-23f72a2 e-con-full e-flex wpr-particle-no wpr-jarallax-no wpr-parallax-no wpr-sticky-section-no e-con e-child\" data-id=\"23f72a2\" data-element_type=\"container\">\n\t\t\t\t<div class=\"elementor-element elementor-element-af50154 elementor-vertical-align-top elementor-widget elementor-widget-icon-box\" data-id=\"af50154\" data-element_type=\"widget\" data-widget_type=\"icon-box.default\">\n\t\t\t\t<div class=\"elementor-widget-container\">\n\t\t\t<link rel=\"stylesheet\" href=\"https:\/\/tetrasolucoes.com.br\/home\/wp-content\/plugins\/elementor\/assets\/css\/widget-icon-box.min.css\">\t\t<div class=\"elementor-icon-box-wrapper\">\n\n\t\t\t\n\t\t\t\t\t\t<div class=\"elementor-icon-box-content\">\n\n\t\t\t\t\t\t\t\t\t<h3 class=\"elementor-icon-box-title\">\n\t\t\t\t\t\t<span  >\n\t\t\t\t\t\t\tApoio \u00e0 Gest\u00e3o\t\t\t\t\t\t<\/span>\n\t\t\t\t\t<\/h3>\n\t\t\t\t\n\t\t\t\t\t\t\t\t\t<p class=\"elementor-icon-box-description\">\n\t\t\t\t\t\tNa Tetra, valorizamos uma rela\u00e7\u00e3o de parceria com voc\u00ea e sua empresa, indo al\u00e9m de uma simples rela\u00e7\u00e3o comercial. Estamos aqui para apoiar suas decis\u00f5es, trabalhando lado a lado para garantir a longevidade do seu neg\u00f3cio. Com nossas solu\u00e7\u00f5es, seus processos ser\u00e3o otimizados e controlados, proporcionando a voc\u00ea, como gestor, acesso completo a relat\u00f3rios e indicadores essenciais para uma tomada de decis\u00e3o mais assertiva e eficaz.\t\t\t\t\t<\/p>\n\t\t\t\t\n\t\t\t<\/div>\n\t\t\t\n\t\t<\/div>\n\t\t\t\t<\/div>\n\t\t\t\t<\/div>\n\t\t\t\t<\/div>\n\t\t\t\t\t<\/div>\n\t\t\t\t<\/div>\n\t\t<div class=\"elementor-element elementor-element-34b25f8 e-flex e-con-boxed wpr-particle-no wpr-jarallax-no wpr-parallax-no wpr-sticky-section-no e-con e-parent\" data-id=\"34b25f8\" data-element_type=\"container\">\n\t\t\t\t\t<div class=\"e-con-inner\">\n\t\t<div class=\"elementor-element elementor-element-0408efc e-con-full e-flex wpr-particle-no wpr-jarallax-no wpr-parallax-no wpr-sticky-section-no e-con e-child\" data-id=\"0408efc\" data-element_type=\"container\">\n\t\t\t\t<div class=\"elementor-element elementor-element-ff67339 elementor-widget elementor-widget-image\" data-id=\"ff67339\" data-element_type=\"widget\" data-widget_type=\"image.default\">\n\t\t\t\t<div class=\"elementor-widget-container\">\n\t\t\t\t\t\t\t\t\t\t\t\t\t<img decoding=\"async\" width=\"500\" height=\"333\" src=\"https:\/\/tetrasolucoes.com.br\/home\/wp-content\/uploads\/2024\/09\/apoio_fiscal_tributario.jpg\" class=\"attachment-large size-large wp-image-3903\" alt=\"\" srcset=\"https:\/\/tetrasolucoes.com.br\/home\/wp-content\/uploads\/2024\/09\/apoio_fiscal_tributario.jpg 500w, https:\/\/tetrasolucoes.com.br\/home\/wp-content\/uploads\/2024\/09\/apoio_fiscal_tributario-300x200.jpg 300w\" sizes=\"(max-width: 500px) 100vw, 500px\" \/>\t\t\t\t\t\t\t\t\t\t\t\t\t<\/div>\n\t\t\t\t<\/div>\n\t\t\t\t<\/div>\n\t\t<div class=\"elementor-element elementor-element-e7bf3a3 e-con-full e-flex wpr-particle-no wpr-jarallax-no wpr-parallax-no wpr-sticky-section-no e-con e-child\" data-id=\"e7bf3a3\" data-element_type=\"container\">\n\t\t\t\t<div class=\"elementor-element elementor-element-0f6a5e2 elementor-vertical-align-top elementor-widget elementor-widget-icon-box\" data-id=\"0f6a5e2\" data-element_type=\"widget\" data-widget_type=\"icon-box.default\">\n\t\t\t\t<div class=\"elementor-widget-container\">\n\t\t\t\t\t<div class=\"elementor-icon-box-wrapper\">\n\n\t\t\t\n\t\t\t\t\t\t<div class=\"elementor-icon-box-content\">\n\n\t\t\t\t\t\t\t\t\t<h3 class=\"elementor-icon-box-title\">\n\t\t\t\t\t\t<span  >\n\t\t\t\t\t\t\tApoio Fiscal e Tribut\u00e1rio\t\t\t\t\t\t<\/span>\n\t\t\t\t\t<\/h3>\n\t\t\t\t\n\t\t\t\t\t\t\t\t\t<p class=\"elementor-icon-box-description\">\n\t\t\t\t\t\tA Tetra oferece um suporte completo na \u00e1rea fiscal, gerando todos os seus arquivos fiscais com precis\u00e3o e respondendo a todas as suas d\u00favidas sobre tributa\u00e7\u00e3o. Nossa equipe especializada est\u00e1 sempre dispon\u00edvel para garantir que sua empresa esteja em conformidade com a legisla\u00e7\u00e3o, proporcionando tranquilidade e seguran\u00e7a para o seu neg\u00f3cio.\t\t\t\t\t<\/p>\n\t\t\t\t\n\t\t\t<\/div>\n\t\t\t\n\t\t<\/div>\n\t\t\t\t<\/div>\n\t\t\t\t<\/div>\n\t\t\t\t<\/div>\n\t\t\t\t\t<\/div>\n\t\t\t\t<\/div>\n\t\t<div class=\"elementor-element elementor-element-1fe5f24 e-flex e-con-boxed wpr-particle-no wpr-jarallax-no wpr-parallax-no wpr-sticky-section-no e-con e-parent\" data-id=\"1fe5f24\" data-element_type=\"container\">\n\t\t\t\t\t<div class=\"e-con-inner\">\n\t\t<div class=\"elementor-element elementor-element-7ebdc38 e-con-full e-flex wpr-particle-no wpr-jarallax-no wpr-parallax-no wpr-sticky-section-no e-con e-child\" data-id=\"7ebdc38\" data-element_type=\"container\">\n\t\t\t\t<div class=\"elementor-element elementor-element-2166108 elementor-widget elementor-widget-image\" data-id=\"2166108\" data-element_type=\"widget\" data-widget_type=\"image.default\">\n\t\t\t\t<div class=\"elementor-widget-container\">\n\t\t\t\t\t\t\t\t\t\t\t\t\t<img decoding=\"async\" width=\"500\" height=\"333\" src=\"https:\/\/tetrasolucoes.com.br\/home\/wp-content\/uploads\/2024\/09\/implantacao_humanizada.jpg\" class=\"attachment-large size-large wp-image-3904\" alt=\"\" srcset=\"https:\/\/tetrasolucoes.com.br\/home\/wp-content\/uploads\/2024\/09\/implantacao_humanizada.jpg 500w, https:\/\/tetrasolucoes.com.br\/home\/wp-content\/uploads\/2024\/09\/implantacao_humanizada-300x200.jpg 300w\" sizes=\"(max-width: 500px) 100vw, 500px\" \/>\t\t\t\t\t\t\t\t\t\t\t\t\t<\/div>\n\t\t\t\t<\/div>\n\t\t\t\t<\/div>\n\t\t<div class=\"elementor-element elementor-element-bca4c7c e-con-full e-flex wpr-particle-no wpr-jarallax-no wpr-parallax-no wpr-sticky-section-no e-con e-child\" data-id=\"bca4c7c\" data-element_type=\"container\">\n\t\t\t\t<div class=\"elementor-element elementor-element-52e6899 elementor-vertical-align-top elementor-widget elementor-widget-icon-box\" data-id=\"52e6899\" data-element_type=\"widget\" data-widget_type=\"icon-box.default\">\n\t\t\t\t<div class=\"elementor-widget-container\">\n\t\t\t\t\t<div class=\"elementor-icon-box-wrapper\">\n\n\t\t\t\n\t\t\t\t\t\t<div class=\"elementor-icon-box-content\">\n\n\t\t\t\t\t\t\t\t\t<h3 class=\"elementor-icon-box-title\">\n\t\t\t\t\t\t<span  >\n\t\t\t\t\t\t\tImplanta\u00e7\u00e3o Humanizada\t\t\t\t\t\t<\/span>\n\t\t\t\t\t<\/h3>\n\t\t\t\t\n\t\t\t\t\t\t\t\t\t<p class=\"elementor-icon-box-description\">\n\t\t\t\t\t\tNa Tetra, acreditamos que a implanta\u00e7\u00e3o de solu\u00e7\u00f5es tecnol\u00f3gicas vai al\u00e9m de configurar sistemas. Por isso, oferecemos um servi\u00e7o de Implanta\u00e7\u00e3o Humanizada, onde entendemos suas necessidades e desafios espec\u00edficos. Nossa abordagem coloca as pessoas em primeiro lugar, garantindo que toda a equipe se sinta segura e apoiada durante a transi\u00e7\u00e3o. Com treinamento personalizado e suporte cont\u00ednuo, facilitamos a adapta\u00e7\u00e3o \u00e0s novas ferramentas, promovendo uma experi\u00eancia tranquila e sem complica\u00e7\u00f5es. Escolha uma implanta\u00e7\u00e3o que valorize seu time e impulsione sua empresa para o sucesso.\t\t\t\t\t<\/p>\n\t\t\t\t\n\t\t\t<\/div>\n\t\t\t\n\t\t<\/div>\n\t\t\t\t<\/div>\n\t\t\t\t<\/div>\n\t\t\t\t<\/div>\n\t\t\t\t\t<\/div>\n\t\t\t\t<\/div>\n\t\t<div class=\"elementor-element elementor-element-f05ced3 e-flex e-con-boxed wpr-particle-no wpr-jarallax-no wpr-parallax-no wpr-sticky-section-no e-con e-parent\" data-id=\"f05ced3\" data-element_type=\"container\">\n\t\t\t\t\t<div class=\"e-con-inner\">\n\t\t\t\t<div class=\"elementor-element elementor-element-a442054 wpr-promo-box-style-cover elementor-widget elementor-widget-wpr-promo-box\" data-id=\"a442054\" data-element_type=\"widget\" data-widget_type=\"wpr-promo-box.default\">\n\t\t\t\t<div class=\"elementor-widget-container\">\n\t\t\t\n\t\t<div class=\"wpr-promo-box wpr-animation-wrap\">\n\n\t\t\t\t\t\t\t\n\t\t\t\t\t\t\t<div class=\"wpr-promo-box-image\">\n\t\t\t\t\t<div class=\"wpr-promo-box-bg-image wpr-bg-anim-zoom-in wpr-anim-timing-ease-default\" style=\"background-image:url(https:\/\/tetrasolucoes.com.br\/home\/wp-content\/uploads\/2024\/08\/ga088721a70e355aa05b5d6cf6082488d2cc83dd2eb6d6f4b33aa167d1bb7c7922b4116d0c001dcfe91ff96d474e0a4e8_1280-2076.jpg);\"><\/div>\n\t\t\t\t\t<div class=\"wpr-promo-box-bg-overlay wpr-border-anim-oscar\"><\/div>\n\t\t\t\t<\/div>\n\t\t\t\t\t\t\n\t\t\t<div class=\"wpr-promo-box-content\">\n\n\t\t\t\t\t\t\t\t<div class=\"wpr-promo-box-icon\">\n\t\t\t\t\t\t\t\t\t\t\t<i class=\"fas fa-rocket\"><\/i>\n\t\t\t\t\t\t\t\t\t<\/div>\n\t\t\t\t\n\t\t\t\t<h1 class=\"wpr-promo-box-title\"><span>Solicite um Diagn\u00f3stico Gratuito<\/span><\/h1>\n\t\t\t\t\t\t\t\t\t<div class=\"wpr-promo-box-description\">\n\t\t\t\t\t\t<p><p>Com centenas de clientes satisfeitos em diversas cidades dos estados do RJ e ES, nossa experi\u00eancia e presen\u00e7a comprovam a confian\u00e7a e a qualidade dos servi\u00e7os da Tetra.<\/p><\/p>\t\n\t\t\t\t\t<\/div>\t\t\t\t\t\t\n\t\t\t\t\n\t\t\t\t\t\t\t\t\t<div class=\"wpr-promo-box-btn-wrap\">\n\t\t\t\t\t\t<a class=\"wpr-promo-box-btn\" href=\"https:\/\/api.whatsapp.com\/send\/?phone=552232330106&#038;text=Ol%C3%A1%2C+estava+navegando+no+seu+site+e+queria+mais+informa%C3%A7%C3%B5es&#038;type=phone_number&#038;app_absent=0\">\n\n\t\t\t\t\t\t\t\t\t\t\t\t\t\t<span class=\"wpr-promo-box-btn-text\">Solicitar Agora<\/span>\t\t\n\t\t\t\t\t\t\t\n\t\t\t\t\t\t\t\t\t\t\t\t\t\t<span class=\"wpr-promo-box-btn-icon\">\n\t\t\t\t\t\t\t\t<i class=\"far fa-comment-dots\"><\/i>\n\t\t\t\t\t\t\t<\/span>\n\t\t\t\t\t\t\t\t\t\t\t\t\t<\/a>\n\t\t\t\t\t<\/div>\t\n\t\t\t\t\t\t\t<\/div>\n\n\t\t\t\t\t<\/div>\n\n\t\t\t\t<\/div>\n\t\t\t\t<\/div>\n\t\t\t\t\t<\/div>\n\t\t\t\t<\/div>\n\t\t\t\t<\/div>\n\t\t","protected":false},"excerpt":{"rendered":"<p>O que nos faz diferente Acreditamos que cada cliente \u00e9 um parceiro estrat\u00e9gico e projetamos nossas solu\u00e7\u00f5es para o crescimento de todos. Apoio \u00e0 Gest\u00e3o Na Tetra, valorizamos uma rela\u00e7\u00e3o de parceria com voc\u00ea e sua empresa, indo al\u00e9m de uma simples rela\u00e7\u00e3o comercial. Estamos aqui para apoiar suas decis\u00f5es, trabalhando lado a lado para garantir a longevidade do seu neg\u00f3cio. Com nossas solu\u00e7\u00f5es, seus processos ser\u00e3o otimizados e controlados, proporcionando a voc\u00ea, como gestor, acesso completo a relat\u00f3rios e indicadores essenciais para uma tomada de decis\u00e3o mais assertiva e eficaz. Apoio Fiscal e Tribut\u00e1rio A Tetra oferece um suporte completo na \u00e1rea fiscal, gerando todos os seus arquivos fiscais com precis\u00e3o e respondendo a todas as suas d\u00favidas sobre tributa\u00e7\u00e3o. Nossa equipe especializada est\u00e1 sempre dispon\u00edvel para garantir que sua empresa esteja em conformidade com a legisla\u00e7\u00e3o, proporcionando tranquilidade e seguran\u00e7a para o seu neg\u00f3cio. Implanta\u00e7\u00e3o Humanizada Na Tetra, acreditamos que a implanta\u00e7\u00e3o de solu\u00e7\u00f5es tecnol\u00f3gicas vai al\u00e9m de configurar sistemas. Por isso, oferecemos um servi\u00e7o de Implanta\u00e7\u00e3o Humanizada, onde entendemos suas necessidades e desafios espec\u00edficos. Nossa abordagem coloca as pessoas em primeiro lugar, garantindo que toda a equipe se sinta segura e apoiada durante a transi\u00e7\u00e3o. Com treinamento personalizado e suporte cont\u00ednuo, facilitamos a adapta\u00e7\u00e3o \u00e0s novas ferramentas, promovendo uma experi\u00eancia tranquila e sem complica\u00e7\u00f5es. Escolha uma implanta\u00e7\u00e3o que valorize seu time e impulsione sua empresa para o sucesso. Solicite um Diagn\u00f3stico Gratuito Com centenas de clientes satisfeitos em diversas cidades dos estados do RJ e ES, nossa experi\u00eancia e presen\u00e7a comprovam a confian\u00e7a e a qualidade dos servi\u00e7os da Tetra. Solicitar Agora<\/p>\n","protected":false},"author":1,"featured_media":0,"parent":0,"menu_order":0,"comment_status":"closed","ping_status":"closed","template":"","meta":{"_uag_custom_page_level_css":"","site-sidebar-layout":"no-sidebar","site-content-layout":"page-builder","ast-site-content-layout":"","site-content-style":"default","site-sidebar-style":"default","ast-global-header-display":"","ast-banner-title-visibility":"","ast-main-header-display":"","ast-hfb-above-header-display":"","ast-hfb-below-header-display":"","ast-hfb-mobile-header-display":"","site-post-title":"disabled","ast-breadcrumbs-content":"","ast-featured-img":"disabled","footer-sml-layout":"","theme-transparent-header-meta":"enabled","adv-header-id-meta":"","stick-header-meta":"","header-above-stick-meta":"","header-main-stick-meta":"","header-below-stick-meta":"","astra-migrate-meta-layouts":"default","ast-page-background-enabled":"default","ast-page-background-meta":{"desktop":{"background-color":"","background-image":"","background-repeat":"repeat","background-position":"center center","background-size":"auto","background-attachment":"scroll","background-type":"","background-media":"","overlay-type":"","overlay-color":"","overlay-opacity":"","overlay-gradient":""},"tablet":{"background-color":"","background-image":"","background-repeat":"repeat","background-position":"center center","background-size":"auto","background-attachment":"scroll","background-type":"","background-media":"","overlay-type":"","overlay-color":"","overlay-opacity":"","overlay-gradient":""},"mobile":{"background-color":"","background-image":"","background-repeat":"repeat","background-position":"center center","background-size":"auto","background-attachment":"scroll","background-type":"","background-media":"","overlay-type":"","overlay-color":"","overlay-opacity":"","overlay-gradient":""}},"ast-content-background-meta":{"desktop":{"background-color":"var(--ast-global-color-5)","background-image":"","background-repeat":"repeat","background-position":"center center","background-size":"auto","background-attachment":"scroll","background-type":"","background-media":"","overlay-type":"","overlay-color":"","overlay-opacity":"","overlay-gradient":""},"tablet":{"background-color":"var(--ast-global-color-5)","background-image":"","background-repeat":"repeat","background-position":"center center","background-size":"auto","background-attachment":"scroll","background-type":"","background-media":"","overlay-type":"","overlay-color":"","overlay-opacity":"","overlay-gradient":""},"mobile":{"background-color":"var(--ast-global-color-5)","background-image":"","background-repeat":"repeat","background-position":"center center","background-size":"auto","background-attachment":"scroll","background-type":"","background-media":"","overlay-type":"","overlay-color":"","overlay-opacity":"","overlay-gradient":""}},"footnotes":""},"class_list":["post-3879","page","type-page","status-publish","hentry"],"aioseo_notices":[],"uagb_featured_image_src":{"full":false,"thumbnail":false,"medium":false,"medium_large":false,"large":false,"1536x1536":false,"2048x2048":false},"uagb_author_info":{"display_name":"admin","author_link":"https:\/\/tetrasolucoes.com.br\/home\/author\/admin\/"},"uagb_comment_info":0,"uagb_excerpt":"O que nos faz diferente Acreditamos que cada cliente \u00e9 um parceiro estrat\u00e9gico e projetamos nossas solu\u00e7\u00f5es para o crescimento de todos. Apoio \u00e0 Gest\u00e3o Na Tetra, valorizamos uma rela\u00e7\u00e3o de parceria com voc\u00ea e sua empresa, indo al\u00e9m de uma simples rela\u00e7\u00e3o comercial. Estamos aqui para apoiar suas decis\u00f5es, trabalhando lado a lado para&hellip;","_links":{"self":[{"href":"https:\/\/tetrasolucoes.com.br\/home\/wp-json\/wp\/v2\/pages\/3879","targetHints":{"allow":["GET"]}}],"collection":[{"href":"https:\/\/tetrasolucoes.com.br\/home\/wp-json\/wp\/v2\/pages"}],"about":[{"href":"https:\/\/tetrasolucoes.com.br\/home\/wp-json\/wp\/v2\/types\/page"}],"author":[{"embeddable":true,"href":"https:\/\/tetrasolucoes.com.br\/home\/wp-json\/wp\/v2\/users\/1"}],"replies":[{"embeddable":true,"href":"https:\/\/tetrasolucoes.com.br\/home\/wp-json\/wp\/v2\/comments?post=3879"}],"version-history":[{"count":31,"href":"https:\/\/tetrasolucoes.com.br\/home\/wp-json\/wp\/v2\/pages\/3879\/revisions"}],"predecessor-version":[{"id":3950,"href":"https:\/\/tetrasolucoes.com.br\/home\/wp-json\/wp\/v2\/pages\/3879\/revisions\/3950"}],"wp:attachment":[{"href":"https:\/\/tetrasolucoes.com.br\/home\/wp-json\/wp\/v2\/media?parent=3879"}],"curies":[{"name":"wp","href":"https:\/\/api.w.org\/{rel}","templated":true}]}}